{"id":1669,"date":"2024-11-24T11:25:30","date_gmt":"2024-11-24T11:25:30","guid":{"rendered":"https:\/\/www.holystoner.de\/?post_type=product&#038;p=1669"},"modified":"2026-03-30T19:21:01","modified_gmt":"2026-03-30T19:21:01","slug":"20-12-2025-x-mas-special","status":"publish","type":"product","link":"https:\/\/www.holystoner.de\/?product=20-12-2025-x-mas-special","title":{"rendered":"19.12.2026 X-Mas Special"},"content":{"rendered":"","protected":false},"excerpt":{"rendered":"<p data-path-to-node=\"8\"><b data-path-to-node=\"8\" data-index-in-node=\"0\">5 Jahre X-Mas Special \u2013 Ein Abend f\u00fcr echte Bierkenner<\/b><\/p>\n<p data-path-to-node=\"9\">P\u00fcnktlich zur Weihnachtszeit laden wir euch herzlich zum Jubil\u00e4um unseres X-Mas Specials ein. Zum f\u00fcnften Mal in Folge pr\u00e4sentieren wir euch eine handverlesene Auswahl exklusiver Bierspezialit\u00e4ten, die jedes Genie\u00dferherz h\u00f6her schlagen lassen.<\/p>\n<p data-path-to-node=\"10\">Im Anschluss an das Tasting feiern wir gemeinsam unsere traditionelle <b data-path-to-node=\"10\" data-index-in-node=\"70\">\u201eOpen Bottle\u201c-Party<\/b>. Freut euch auf einen unvergesslichen Abend in entspannter Atmosph\u00e4re und unter Gleichgesinnten.<\/p>\n<p data-path-to-node=\"11\"><b data-path-to-node=\"11\" data-index-in-node=\"0\">Die Eckdaten zum Event:<\/b><\/p>\n<ul data-path-to-node=\"12\">\n<li>\n<p data-path-to-node=\"12,0,0\"><b data-path-to-node=\"12,0,0\" data-index-in-node=\"0\">Datum:<\/b> Samstag, 19.12.2026<\/p>\n<\/li>\n<li>\n<p data-path-to-node=\"12,1,0\"><b data-path-to-node=\"12,1,0\" data-index-in-node=\"0\">Beginn:<\/b> 19:00 Uhr<\/p>\n<\/li>\n<li>\n<p data-path-to-node=\"12,2,0\"><b data-path-to-node=\"12,2,0\" data-index-in-node=\"0\">Ort:<\/b> BierKulturRaum | Viehtriftstra\u00dfe 25 | 67354 R\u00f6merberg<\/p>\n<\/li>\n<\/ul>\n","protected":false},"featured_media":1599,"template":"","meta":[],"product_brand":[],"product_cat":[16],"product_tag":[],"class_list":{"0":"post-1669","1":"product","2":"type-product","3":"status-publish","4":"has-post-thumbnail","6":"product_cat-unkategorisiert","8":"first","9":"instock","10":"virtual","11":"taxable","12":"purchasable","13":"product-type-simple"},"jetpack_sharing_enabled":true,"_links":{"self":[{"href":"https:\/\/www.holystoner.de\/index.php?rest_route=\/wp\/v2\/product\/1669","targetHints":{"allow":["GET"]}}],"collection":[{"href":"https:\/\/www.holystoner.de\/index.php?rest_route=\/wp\/v2\/product"}],"about":[{"href":"https:\/\/www.holystoner.de\/index.php?rest_route=\/wp\/v2\/types\/product"}],"version-history":[{"count":2,"href":"https:\/\/www.holystoner.de\/index.php?rest_route=\/wp\/v2\/product\/1669\/revisions"}],"predecessor-version":[{"id":1926,"href":"https:\/\/www.holystoner.de\/index.php?rest_route=\/wp\/v2\/product\/1669\/revisions\/1926"}],"wp:featuredmedia":[{"embeddable":true,"href":"https:\/\/www.holystoner.de\/index.php?rest_route=\/wp\/v2\/media\/1599"}],"wp:attachment":[{"href":"https:\/\/www.holystoner.de\/index.php?rest_route=%2Fwp%2Fv2%2Fmedia&parent=1669"}],"wp:term":[{"taxonomy":"product_brand","embeddable":true,"href":"https:\/\/www.holystoner.de\/index.php?rest_route=%2Fwp%2Fv2%2Fproduct_brand&post=1669"},{"taxonomy":"product_cat","embeddable":true,"href":"https:\/\/www.holystoner.de\/index.php?rest_route=%2Fwp%2Fv2%2Fproduct_cat&post=1669"},{"taxonomy":"product_tag","embeddable":true,"href":"https:\/\/www.holystoner.de\/index.php?rest_route=%2Fwp%2Fv2%2Fproduct_tag&post=1669"}],"curies":[{"name":"wp","href":"https:\/\/api.w.org\/{rel}","templated":true}]}}