{"id":799,"date":"2021-06-20T07:26:11","date_gmt":"2021-06-20T07:26:11","guid":{"rendered":"https:\/\/www.holystoner.de\/?page_id=799"},"modified":"2023-01-04T16:40:48","modified_gmt":"2023-01-04T16:40:48","slug":"bier-tasting","status":"publish","type":"page","link":"https:\/\/www.holystoner.de\/?page_id=799","title":{"rendered":"BIER-Tasting"},"content":{"rendered":"\t\t<div data-elementor-type=\"wp-page\" data-elementor-id=\"799\" class=\"elementor elementor-799\">\n\t\t\t\t\t\t<section class=\"elementor-section elementor-top-section elementor-element elementor-element-663e461 elementor-section-boxed elementor-section-height-default elementor-section-height-default\" data-id=\"663e461\" data-element_type=\"section\" data-e-type=\"section\">\n\t\t\t\t\t\t<div class=\"elementor-container elementor-column-gap-default\">\n\t\t\t\t\t<div class=\"elementor-column elementor-col-100 elementor-top-column elementor-element elementor-element-c5d7cc4\" data-id=\"c5d7cc4\" data-element_type=\"column\" data-e-type=\"column\">\n\t\t\t<div class=\"elementor-widget-wrap elementor-element-populated\">\n\t\t\t\t\t\t<section class=\"elementor-section elementor-inner-section elementor-element elementor-element-9b37662 elementor-section-boxed elementor-section-height-default elementor-section-height-default\" data-id=\"9b37662\" data-element_type=\"section\" data-e-type=\"section\">\n\t\t\t\t\t\t<div class=\"elementor-container elementor-column-gap-default\">\n\t\t\t\t\t<div class=\"elementor-column elementor-col-50 elementor-inner-column elementor-element elementor-element-eedcd4d\" data-id=\"eedcd4d\" data-element_type=\"column\" data-e-type=\"column\">\n\t\t\t<div class=\"elementor-widget-wrap elementor-element-populated\">\n\t\t\t\t\t\t<div class=\"elementor-element elementor-element-e3ac948 elementor-widget elementor-widget-text-editor\" data-id=\"e3ac948\" data-element_type=\"widget\" data-e-type=\"widget\" data-widget_type=\"text-editor.default\">\n\t\t\t\t<div class=\"elementor-widget-container\">\n\t\t\t\t\t\t\t\t\t<div class=\"elementor-element elementor-element-6b5c1fd elementor-widget elementor-widget-heading\" data-id=\"6b5c1fd\" data-element_type=\"widget\" data-widget_type=\"heading.default\">\n<div class=\"elementor-widget-container\">\n<h4>Der Diplom-Biersommelier f\u00fcr Dein individuelles Tasting Event<\/h4>\n<\/div>\n<\/div>\n<div class=\"elementor-element elementor-element-dedbe53 elementor-widget elementor-widget-text-editor\" data-id=\"dedbe53\" data-element_type=\"widget\" data-widget_type=\"text-editor.default\">\n<div class=\"elementor-widget-container\">\n<div class=\"elementor-text-editor elementor-clearfix\">\n<h4>Ihr plant ein unvergessliches Event, bei dem Genuss, Spa\u00df und Infotainment nicht zu kurz kommen d\u00fcrfen? Dann ist ein Bier-Tasting mit Anleitung vom Profi genau das Richtige f\u00fcr euch!<\/h4>\n<h4>Ob ihr ein spannendes Themen Bier Tasting f\u00fcr eure Firmenfeier sucht, Lust auf eine interaktive Bier-Verkostung f\u00fcr eure Privatparty habt.&nbsp; &nbsp; &nbsp; &nbsp; Fragt mich einfach, ich werde Euch individuell und kompetent beraten.<\/h4>\n<h4><strong>Um was geht es beim Bier-Tasting ?!:<\/strong><\/h4>\n<ul>\n<li>\n<h4>Bier als unglaublich vielseitiges Genuss-Getr\u00e4nk fernab vom \u201ePartyges\u00f6ff\u201c und \u201eFernsehbier\u201c kennenzulernen,<\/h4>\n<\/li>\n<li>\n<h4>euren Geruchs- und Geschmacksinn herauszufordern<\/h4>\n<\/li>\n<li>\n<h4>gen\u00fcsslich euren Horizont zu erweitern<\/h4>\n<\/li>\n<li>\n<h4>gemeinsam mit Freunden, Familie und Kollegen etwas Neues zu entdecken und eine gute Zeit zu haben<\/h4>\n<\/li>\n<li>\n<h4>Euch ganz individuell in die Welt der Biervielfalt mitzunehmen<\/h4>\n<\/li>\n<\/ul>\n<h4><strong>Bucht einen individuellen Verkostungsabend mit mir!<\/strong><\/h4>\n<h4>Als unabh\u00e4ngiger Brauer und ausgebildeter Diplom-Biersommelier begleite ich Euer Event! Mit einem Bier-Tasting nach Wahl sorge ich auf eurer Veranstaltung nicht nur f\u00fcr gro\u00dfe Abwechslung, sondern pr\u00e4sentiere euch und euren G\u00e4sten auch folgende Highlights \u2013 immer interaktiv zum Mitmachen:<\/h4>\n<h4>Die 4 Schritte des Bier Tastings:<\/h4>\n<ul>\n<li>\n<h4>So verkostet man Bier richtig<\/h4>\n<\/li>\n<li>\n<h4>Wie kommt der Geschmack ins Bier? Kleiner Einblick in Zutaten &amp; Brautechnologie<\/h4>\n<\/li>\n<li>\n<h4>Einen Ausflug in die Historie der einzelnen Bierstile<\/h4>\n<\/li>\n<li>\n<h4>Aroma-Welt Bier: Blumig? Karamellig? Oder Raucharoma?<\/h4>\n<\/li>\n<\/ul>\n<h4>Vielfalt der Bierstile:&nbsp; &nbsp; &nbsp; &nbsp; &nbsp; &nbsp; &nbsp; &nbsp; &nbsp; &nbsp; &nbsp; &nbsp; &nbsp; &nbsp; &nbsp; &nbsp; &nbsp; &nbsp; &nbsp; &nbsp; &nbsp; &nbsp; &nbsp; &nbsp; &nbsp; Von fruchtigen IPAs \u00fcber saure Lambics bis hin zu cremigen Stouts<\/h4>\n<h4>Lieblings-Bier finden: So entdeckt ihr euren pers\u00f6nlichen Bier-Favoriten<\/h4>\n<h4>Meldet euch gerne unter&nbsp;<strong>0171\/5231951<\/strong>&nbsp;oder&nbsp;<strong><a href=\"mailto:info@holystoner.de\">info@holystoner.de<\/a><\/strong>&nbsp;. Lasst mich wissen, wann ihr wo und mit wie vielen Personen euer Bier-Tasting veranstalten wollt und ob es sich dabei um Tasting-Einsteiger oder -Fortgeschrittene handelt. Ich stelle euch dann euer pers\u00f6nliches Angebot zusammen.<\/h4>\n<h4><strong>Ablauf:<\/strong><\/h4>\n<h4>Bei einem Bier-Tasting bekommt ihr \u2013 \u00dcberraschung! \u2013 Bier zum Verkosten.&nbsp; Je nach Thema des Tastings w\u00e4hle ich die Biere aus und serviere &nbsp;euch davon jeweils ca. 100 ml zum Probieren. Zu den Bieren gibt\u2019s nat\u00fcrlich Infotainment, Hintergrundinfos &amp; Fun Facts, au\u00dferdem leite ich euch beim \u201ekorrekten\u201c Verkosten der Biere und beim Erkennen der Aromen an.<\/h4>\n<h4>Verkostet werden 6 bis 10 Biere.<\/h4>\n<h4>Das Bier:&nbsp; &nbsp; &nbsp; &nbsp; &nbsp; &nbsp; &nbsp; &nbsp; &nbsp; &nbsp; &nbsp; &nbsp; &nbsp; &nbsp; &nbsp; &nbsp; &nbsp; &nbsp; &nbsp; &nbsp; &nbsp; &nbsp; &nbsp; &nbsp; &nbsp; &nbsp; &nbsp; &nbsp; &nbsp; &nbsp; &nbsp; &nbsp; Pro Person gibt\u2019s von jedem Bier ca. 100 ml \u2013 die klassische Tasting-Menge. (den Rest gibt es dann sp\u00e4ter)<\/h4>\n<h4>Tasting-B\u00f6gen:&nbsp; &nbsp; &nbsp; &nbsp; &nbsp; &nbsp; &nbsp; &nbsp; &nbsp; &nbsp; &nbsp; &nbsp; &nbsp; &nbsp; &nbsp; &nbsp; &nbsp; &nbsp; &nbsp; &nbsp; &nbsp; &nbsp; &nbsp; &nbsp; &nbsp; &nbsp; &nbsp; &nbsp; &nbsp;Jeder Teilnehmer bekommt einen Tasting-Bogen, in dem er seine Beobachtungen und Bewertung zu jedem verkosteten Bier notieren kann.<\/h4>\n<h4>Anschauungsmaterialien: z. B. ein Aromarad oder Bierf\u00e4cher<\/h4>\n<h4>Interaktives Konzept:&nbsp; &nbsp; &nbsp; &nbsp; &nbsp; &nbsp; &nbsp; &nbsp; &nbsp; &nbsp; &nbsp; &nbsp; &nbsp; &nbsp; &nbsp; &nbsp; &nbsp; &nbsp; &nbsp; &nbsp; &nbsp; &nbsp; &nbsp; &nbsp; &nbsp; Meine Tastings baue ich so auf, dass jeder Teilnehmer selbst seinen Geruchs- und Geschmackssinn testen kann und am Ende spannende Erkenntnisse f\u00fcr sich mitnimmt. Spa\u00df und Genuss kommen dabei nie zu kurz!<\/h4>\n<h4>Erfahrung, Expertise und gro\u00dfe Lust, andere f\u00fcr die faszinierende Welt des Biers zu begeistern<\/h4>\n<h4><strong>&nbsp;<\/strong><\/h4>\n<h4><strong>Die folgenden Bier-Tastings geh\u00f6ren zu den beliebtesten, aber nat\u00fcrlich mache ich euch auch gerne individuelle Vorschl\u00e4ge:<\/strong><\/h4>\n<h4>Einf\u00fchrung in die Welt des Bier-Tastings: Schwerpunkt auf den 4 Verkostungs-Schritten, Erkl\u00e4rung der wichtigsten Bierstile, Aromen erkennen etc.<\/h4>\n<h4>Bier-Tastings zu bestimmten Regionen, z. B. American Craft Beer; Bierreise durch Europa; Best of Belgian Beers; Hollands Craft-Bier-Szene: Heineken war gestern; K\u00f6lsch vs. Altbier; O\u2019zapft is \u2013 Bayerns Bier-Kosmos; deutsches Bier von Nord nach S\u00fcd etc.<\/h4>\n<h4>Bier-Tastings zu bestimmten Bier-Stilen, z. B. Fruchtexplosion IPAs; Stout: von Karamell \u00fcber Kakao bis Kaffee; Bier-Trend saure Biere; tierisch lecker: Bockbier etc.<\/h4>\n<h4>Bier-Tastings zu bestimmten Themen, z. B. traditionelle Trappisten-Biere; edel &amp; hochprozentig: fassgereifte Biere; w\u00e4rmende Winterbiere; spritzige Sommerbiere; Bier-Trend alkoholarme &amp; -freie Biere etc.<\/h4>\n<h4>Bier-Verkostungen mit Foodpairing, z. B. K\u00e4se oder Schokolade<\/h4>\n<h4>Blindverkostungen: besonders spa\u00dfige Challenge mit Gewinner, vor allem f\u00fcr Bierkenner geeignet<\/h4>\n<h4><strong>F\u00fcr welche Events eignet sich ein Bier-Tasting?<\/strong><\/h4>\n<ul>\n<li>\n<h4>Firmenevents &amp; Incentives<\/h4>\n<\/li>\n<li>\n<h4>Geburtstage, Familienfeiern und andere private Partys<\/h4>\n<\/li>\n<li>\n<h4>besondere Abende mit Freunden<\/h4>\n<\/li>\n<li>\n<h4>Hochzeiten (z. B. als \u00dcberbr\u00fcckung von Wartezeiten)<\/h4>\n<\/li>\n<li>\n<h4>Junggesellen-\/Junggesellinnenabschied (Hinweis: eher als genussvoller Start in den Abend gedacht, nicht als \u201eBes\u00e4ufnis\u201c ;))<\/h4>\n<\/li>\n<li>\n<h4>Supper Clubs &amp; Foodpairing-Events<\/h4>\n<\/li>\n<\/ul>\n<h4>Ich freue mich auf Eure Anfragen,<\/h4>\n<h4><strong>Martin<\/strong><\/h4>\n<\/div>\n<\/div>\n<\/div>\t\t\t\t\t\t\t\t<\/div>\n\t\t\t\t<\/div>\n\t\t\t\t\t<\/div>\n\t\t<\/div>\n\t\t\t\t<div class=\"elementor-column elementor-col-50 elementor-inner-column elementor-element elementor-element-04df0ca\" data-id=\"04df0ca\" data-element_type=\"column\" data-e-type=\"column\">\n\t\t\t<div class=\"elementor-widget-wrap elementor-element-populated\">\n\t\t\t\t\t\t<div class=\"elementor-element elementor-element-0872c74 elementor-widget elementor-widget-image\" data-id=\"0872c74\" data-element_type=\"widget\" data-e-type=\"widget\" data-widget_type=\"image.default\">\n\t\t\t\t<div class=\"elementor-widget-container\">\n\t\t\t\t\t\t\t\t\t\t\t\t\t\t\t\t<a href=\"https:\/\/www.biersommelier.org\/\" target=\"_blank\" rel=\"noopener\">\n\t\t\t\t\t\t\t<img fetchpriority=\"high\" decoding=\"async\" width=\"271\" height=\"186\" src=\"https:\/\/i0.wp.com\/www.holystoner.de\/wp-content\/uploads\/2021\/06\/download.jpg?fit=271%2C186&amp;ssl=1\" class=\"attachment-medium_large size-medium_large wp-image-786\" alt=\"\" \/>\t\t\t\t\t\t\t\t<\/a>\n\t\t\t\t\t\t\t\t\t\t\t\t\t\t\t<\/div>\n\t\t\t\t<\/div>\n\t\t\t\t<div class=\"elementor-element elementor-element-1b9646a elementor-widget elementor-widget-image\" data-id=\"1b9646a\" data-element_type=\"widget\" data-e-type=\"widget\" data-widget_type=\"image.default\">\n\t\t\t\t<div class=\"elementor-widget-container\">\n\t\t\t\t\t\t\t\t\t\t\t\t\t\t\t<img decoding=\"async\" width=\"768\" height=\"1024\" src=\"https:\/\/i0.wp.com\/www.holystoner.de\/wp-content\/uploads\/2021\/11\/20211105_172913-e1637003708857.png?fit=768%2C1024&amp;ssl=1\" class=\"attachment-large size-large wp-image-912\" alt=\"\" srcset=\"https:\/\/i0.wp.com\/www.holystoner.de\/wp-content\/uploads\/2021\/11\/20211105_172913-e1637003708857.png?w=960&amp;ssl=1 960w, https:\/\/i0.wp.com\/www.holystoner.de\/wp-content\/uploads\/2021\/11\/20211105_172913-e1637003708857.png?resize=225%2C300&amp;ssl=1 225w, https:\/\/i0.wp.com\/www.holystoner.de\/wp-content\/uploads\/2021\/11\/20211105_172913-e1637003708857.png?resize=768%2C1024&amp;ssl=1 768w, https:\/\/i0.wp.com\/www.holystoner.de\/wp-content\/uploads\/2021\/11\/20211105_172913-e1637003708857.png?resize=600%2C800&amp;ssl=1 600w\" sizes=\"(max-width: 768px) 100vw, 768px\" \/>\t\t\t\t\t\t\t\t\t\t\t\t\t\t\t<\/div>\n\t\t\t\t<\/div>\n\t\t\t\t<div class=\"elementor-element elementor-element-26b1392 elementor-widget elementor-widget-image\" data-id=\"26b1392\" data-element_type=\"widget\" data-e-type=\"widget\" data-widget_type=\"image.default\">\n\t\t\t\t<div class=\"elementor-widget-container\">\n\t\t\t\t\t\t\t\t\t\t\t\t\t\t\t<img data-recalc-dims=\"1\" decoding=\"async\" width=\"1024\" height=\"768\" src=\"https:\/\/i0.wp.com\/www.holystoner.de\/wp-content\/uploads\/2022\/12\/a63g6eew-1024x768.jpg?resize=1024%2C768&#038;ssl=1\" class=\"attachment-large size-large wp-image-1223\" alt=\"\" srcset=\"https:\/\/www.holystoner.de\/wp-content\/uploads\/2022\/12\/a63g6eew-scaled.bmp 1024w, https:\/\/www.holystoner.de\/wp-content\/uploads\/2022\/12\/a63g6eew-scaled.bmp 300w, https:\/\/www.holystoner.de\/wp-content\/uploads\/2022\/12\/a63g6eew-scaled.bmp 768w, https:\/\/www.holystoner.de\/wp-content\/uploads\/2022\/12\/a63g6eew-scaled.bmp 1536w, https:\/\/www.holystoner.de\/wp-content\/uploads\/2022\/12\/a63g6eew-scaled.bmp 2048w, https:\/\/www.holystoner.de\/wp-content\/uploads\/2022\/12\/a63g6eew-scaled.bmp 600w, http:\/\/www.holystoner.de\/wp-content\/uploads\/2022\/12\/a63g6eew-scaled.bmp 2280w\" sizes=\"(max-width: 1024px) 100vw, 1024px\" \/>\t\t\t\t\t\t\t\t\t\t\t\t\t\t\t<\/div>\n\t\t\t\t<\/div>\n\t\t\t\t<div class=\"elementor-element elementor-element-b31fd62 elementor-widget elementor-widget-image\" data-id=\"b31fd62\" data-element_type=\"widget\" data-e-type=\"widget\" data-widget_type=\"image.default\">\n\t\t\t\t<div class=\"elementor-widget-container\">\n\t\t\t\t\t\t\t\t\t\t\t\t\t\t\t<img loading=\"lazy\" decoding=\"async\" width=\"768\" height=\"1024\" src=\"https:\/\/i0.wp.com\/www.holystoner.de\/wp-content\/uploads\/2021\/11\/20211105_172934-e1637003737443.png?fit=768%2C1024&amp;ssl=1\" class=\"attachment-large size-large wp-image-913\" alt=\"\" srcset=\"https:\/\/i0.wp.com\/www.holystoner.de\/wp-content\/uploads\/2021\/11\/20211105_172934-e1637003737443.png?w=960&amp;ssl=1 960w, https:\/\/i0.wp.com\/www.holystoner.de\/wp-content\/uploads\/2021\/11\/20211105_172934-e1637003737443.png?resize=225%2C300&amp;ssl=1 225w, https:\/\/i0.wp.com\/www.holystoner.de\/wp-content\/uploads\/2021\/11\/20211105_172934-e1637003737443.png?resize=768%2C1024&amp;ssl=1 768w, https:\/\/i0.wp.com\/www.holystoner.de\/wp-content\/uploads\/2021\/11\/20211105_172934-e1637003737443.png?resize=600%2C800&amp;ssl=1 600w\" sizes=\"(max-width: 768px) 100vw, 768px\" \/>\t\t\t\t\t\t\t\t\t\t\t\t\t\t\t<\/div>\n\t\t\t\t<\/div>\n\t\t\t\t<div class=\"elementor-element elementor-element-75abd81 elementor-widget elementor-widget-image\" data-id=\"75abd81\" data-element_type=\"widget\" data-e-type=\"widget\" data-widget_type=\"image.default\">\n\t\t\t\t<div class=\"elementor-widget-container\">\n\t\t\t\t\t\t\t\t\t\t\t\t\t\t\t<img data-recalc-dims=\"1\" loading=\"lazy\" decoding=\"async\" width=\"768\" height=\"1024\" src=\"https:\/\/i0.wp.com\/www.holystoner.de\/wp-content\/uploads\/2022\/12\/ihkgaabt-768x1024.jpg?resize=768%2C1024&#038;ssl=1\" class=\"attachment-large size-large wp-image-1228\" alt=\"\" srcset=\"https:\/\/www.holystoner.de\/wp-content\/uploads\/2022\/12\/ihkgaabt-scaled.bmp 768w, https:\/\/www.holystoner.de\/wp-content\/uploads\/2022\/12\/ihkgaabt-scaled.bmp 225w, https:\/\/www.holystoner.de\/wp-content\/uploads\/2022\/12\/ihkgaabt-scaled.bmp 1152w, https:\/\/www.holystoner.de\/wp-content\/uploads\/2022\/12\/ihkgaabt-scaled.bmp 1536w, https:\/\/www.holystoner.de\/wp-content\/uploads\/2022\/12\/ihkgaabt-scaled.bmp 600w, https:\/\/www.holystoner.de\/wp-content\/uploads\/2022\/12\/ihkgaabt-scaled.bmp 1920w\" sizes=\"(max-width: 768px) 100vw, 768px\" \/>\t\t\t\t\t\t\t\t\t\t\t\t\t\t\t<\/div>\n\t\t\t\t<\/div>\n\t\t\t\t\t<\/div>\n\t\t<\/div>\n\t\t\t\t\t<\/div>\n\t\t<\/section>\n\t\t\t\t\t<\/div>\n\t\t<\/div>\n\t\t\t\t\t<\/div>\n\t\t<\/section>\n\t\t\t\t<\/div>\n\t\t","protected":false},"excerpt":{"rendered":"<p>Der Diplom-Biersommelier f\u00fcr Dein individuelles Tasting Event Ihr plant ein unvergessliches Event, bei dem Genuss, Spa\u00df und Infotainment nicht zu kurz kommen d\u00fcrfen? Dann ist ein Bier-Tasting mit Anleitung vom Profi genau das Richtige f\u00fcr euch! Ob ihr ein spannendes Themen Bier Tasting f\u00fcr eure Firmenfeier sucht, Lust auf eine interaktive Bier-Verkostung f\u00fcr eure Privatparty &hellip;<\/p>\n","protected":false},"author":1,"featured_media":0,"parent":0,"menu_order":0,"comment_status":"closed","ping_status":"closed","template":"","meta":{"footnotes":""},"class_list":["post-799","page","type-page","status-publish","hentry"],"jetpack_shortlink":"https:\/\/wp.me\/PbQafq-cT","jetpack_sharing_enabled":true,"_links":{"self":[{"href":"https:\/\/www.holystoner.de\/index.php?rest_route=\/wp\/v2\/pages\/799","targetHints":{"allow":["GET"]}}],"collection":[{"href":"https:\/\/www.holystoner.de\/index.php?rest_route=\/wp\/v2\/pages"}],"about":[{"href":"https:\/\/www.holystoner.de\/index.php?rest_route=\/wp\/v2\/types\/page"}],"author":[{"embeddable":true,"href":"https:\/\/www.holystoner.de\/index.php?rest_route=\/wp\/v2\/users\/1"}],"replies":[{"embeddable":true,"href":"https:\/\/www.holystoner.de\/index.php?rest_route=%2Fwp%2Fv2%2Fcomments&post=799"}],"version-history":[{"count":0,"href":"https:\/\/www.holystoner.de\/index.php?rest_route=\/wp\/v2\/pages\/799\/revisions"}],"wp:attachment":[{"href":"https:\/\/www.holystoner.de\/index.php?rest_route=%2Fwp%2Fv2%2Fmedia&parent=799"}],"curies":[{"name":"wp","href":"https:\/\/api.w.org\/{rel}","templated":true}]}}