{"id":498,"date":"2020-06-14T19:56:11","date_gmt":"2020-06-14T19:56:11","guid":{"rendered":"https:\/\/www.holystoner.de\/?page_id=498"},"modified":"2025-02-03T17:23:33","modified_gmt":"2025-02-03T17:23:33","slug":"braukurse","status":"publish","type":"page","link":"https:\/\/www.holystoner.de\/?page_id=498","title":{"rendered":"Braukurse"},"content":{"rendered":"\t\t<div data-elementor-type=\"wp-page\" data-elementor-id=\"498\" class=\"elementor elementor-498\">\n\t\t\t\t\t\t<section class=\"elementor-section elementor-top-section elementor-element elementor-element-c1079f8 elementor-section-boxed elementor-section-height-default elementor-section-height-default\" data-id=\"c1079f8\" data-element_type=\"section\" data-e-type=\"section\">\n\t\t\t\t\t\t<div class=\"elementor-container elementor-column-gap-default\">\n\t\t\t\t\t<div class=\"elementor-column elementor-col-100 elementor-top-column elementor-element elementor-element-0082703\" data-id=\"0082703\" data-element_type=\"column\" data-e-type=\"column\">\n\t\t\t<div class=\"elementor-widget-wrap elementor-element-populated\">\n\t\t\t\t\t\t<section class=\"elementor-section elementor-inner-section elementor-element elementor-element-49367d0 elementor-section-boxed elementor-section-height-default elementor-section-height-default\" data-id=\"49367d0\" data-element_type=\"section\" data-e-type=\"section\">\n\t\t\t\t\t\t<div class=\"elementor-container elementor-column-gap-default\">\n\t\t\t\t\t<div class=\"elementor-column elementor-col-50 elementor-inner-column elementor-element elementor-element-3d28268\" data-id=\"3d28268\" data-element_type=\"column\" data-e-type=\"column\">\n\t\t\t<div class=\"elementor-widget-wrap elementor-element-populated\">\n\t\t\t\t\t\t<div class=\"elementor-element elementor-element-d7f9d78 elementor-widget elementor-widget-text-editor\" data-id=\"d7f9d78\" data-element_type=\"widget\" data-e-type=\"widget\" data-widget_type=\"text-editor.default\">\n\t\t\t\t<div class=\"elementor-widget-container\">\n\t\t\t\t\t\t\t\t\t<h1>Hallo zusammen, ihr wolltet schon immer das ultimative Bier brauen?!<\/h1><h3><em>Was erwartet Euch?<\/em><\/h3><h4><span style=\"color: #808080;\"><strong>Es wird ein tagesf\u00fcllendes Programm rund um das Thema Bierbrauen geben. Es werden Hintergrund-Infos , Tipps&amp;Tricks aus dem Alltag und nat\u00fcrlich auch praktisches Wissen vermittelt. Sprich wir brauen ein Bier und ich erz\u00e4hle Euch dabei wie das Ganze funktioniert, auf was ihr achten m\u00fcsst und gebe einen kleinen Ausflug in die Welt des Bieres. Am Ende haben wir dann Eure W\u00fcrze gekocht die nach dem Anstellen weitere 4 Wochen bei mir in der Brauerei verbleibt bis sie fertig ist. \u00dcber den Tag gibt es neben viel Wissen nat\u00fcrlich auch genug f\u00fcr den Durst und Hunger. Die Teilnahme beinhaltet Essen und Trinken, so dass f\u00fcr Euch eine runde Sache daraus wird! Die m\u00f6gliche Gruppenzahl liegt bei max. 10 Personen. Es gelten die aktuellen Corona-Vorschriften des Landes Rheinland-Pfalz.<\/strong><\/span><\/h4><h3><em><strong>Wie k\u00f6nnt ihr Teilnehmen?<\/strong><\/em><\/h3><h4><span style=\"color: #808080;\"><strong>Schickt mir einfach eine Anfrage per Kontaktformular mit individuellen Termin. Ich nehme dann mit Euch Kontakt auf und verbuche das Ganze. Oder Kauft einfach im Onlineshop ein Ticket f\u00fcr das offene Programm.<\/strong><\/span><\/h4><h3><strong><em>Wo findet der Braukurs statt?<\/em><br \/><\/strong><\/h3><h4><span style=\"color: #808080;\">In der Holystoner Brauwerkstatt\u00a0 (meiner kleinen Brauerei) in der Viehtriftstrasse 25 in 67354 R\u00f6merberg (Heiligenstein). Es muss eine Gruppengr\u00f6\u00dfe von mindestens 5 Personen sein. Falls diese nicht zustande kommen muss auf einen anderen Termin ausgewichen werden. Der Wertgutschein ist lange genug g\u00fcltig.<br \/><\/span><\/h4><h3><em><strong>Was kostet der Kurs?<\/strong><\/em><\/h3><h4><span style=\"color: #808080;\"><strong>Das Pauschal Angebot &#8222;Braukurs f\u00fcr Heimbrauer&#8220; kostet 99,00 Euro incl. MwSt.<\/strong><\/span><\/h4><h3><em><strong>Was passiert wenn jemand von einem gebuchten Termin abspringt oder der Kurs aus irgendwelchen anderen Gr\u00fcnden nicht stattfinden kann?<\/strong><\/em><\/h3><h4><span style=\"color: #808080;\"><strong>Bei Absagen eines bereits gebuchten Termins bis 14 Tage vorher wird der Betrag zu 100 % der Kursgeb\u00fchr erstattet.<\/strong><\/span><\/h4><h4><span style=\"color: #808080;\"><strong>Bei Absagen eines bereits gebuchten Termins bis 7 Tage vorher werden 80 % der Kursgeb\u00fchr erstattet.<\/strong><\/span><\/h4><h4><span style=\"color: #808080;\"><strong>Bei k\u00fcrzeren Absagen oder nicht erscheinen wird es keine R\u00fcckerstattung des gebuchten Termins geben.<\/strong><\/span><\/h4><h4><span style=\"color: #808080;\"><strong>Falls der Termin von uns aus verschoben werden muss oder kurzfristig abgesagt werden sollte, wird es eine 100% Erstattung der Geb\u00fchr geben. Selbstverst\u00e4ndlich kann auch auf einen anderen Termin ausgewichen werden.<\/strong><\/span><\/h4><h4><strong>Wenn ihr weitere Fragen habt meldet Euch!\u00a0 Ich freue mich darauf mit Euch einen Brau-Tag verbringen zu k\u00f6nnen! Viele Gr\u00fc\u00dfe,<\/strong><\/h4><h1><strong>Martin<\/strong><\/h1>\t\t\t\t\t\t\t\t<\/div>\n\t\t\t\t<\/div>\n\t\t\t\t\t<\/div>\n\t\t<\/div>\n\t\t\t\t<div class=\"elementor-column elementor-col-50 elementor-inner-column elementor-element elementor-element-0b4fa64\" data-id=\"0b4fa64\" data-element_type=\"column\" data-e-type=\"column\">\n\t\t\t<div class=\"elementor-widget-wrap elementor-element-populated\">\n\t\t\t\t\t\t<div class=\"elementor-element elementor-element-5bd3ce3 elementor-widget elementor-widget-image\" data-id=\"5bd3ce3\" data-element_type=\"widget\" data-e-type=\"widget\" data-widget_type=\"image.default\">\n\t\t\t\t<div class=\"elementor-widget-container\">\n\t\t\t\t\t\t\t\t\t\t\t\t\t\t\t<img data-recalc-dims=\"1\" fetchpriority=\"high\" decoding=\"async\" width=\"1024\" height=\"837\" src=\"https:\/\/i0.wp.com\/www.holystoner.de\/wp-content\/uploads\/2022\/12\/y31qtwom-1024x837.jpg?resize=1024%2C837&#038;ssl=1\" class=\"attachment-large size-large wp-image-1229\" alt=\"\" srcset=\"https:\/\/www.holystoner.de\/wp-content\/uploads\/2022\/12\/y31qtwom.bmp 1024w, https:\/\/www.holystoner.de\/wp-content\/uploads\/2022\/12\/y31qtwom.bmp 300w, https:\/\/www.holystoner.de\/wp-content\/uploads\/2022\/12\/y31qtwom.bmp 768w, https:\/\/www.holystoner.de\/wp-content\/uploads\/2022\/12\/y31qtwom.bmp 600w, https:\/\/www.holystoner.de\/wp-content\/uploads\/2022\/12\/y31qtwom.bmp 1080w\" sizes=\"(max-width: 1024px) 100vw, 1024px\" \/>\t\t\t\t\t\t\t\t\t\t\t\t\t\t\t<\/div>\n\t\t\t\t<\/div>\n\t\t\t\t<div class=\"elementor-element elementor-element-95f3309 elementor-widget elementor-widget-image\" data-id=\"95f3309\" data-element_type=\"widget\" data-e-type=\"widget\" data-widget_type=\"image.default\">\n\t\t\t\t<div class=\"elementor-widget-container\">\n\t\t\t\t\t\t\t\t\t\t\t\t\t\t\t<img data-recalc-dims=\"1\" decoding=\"async\" width=\"768\" height=\"1024\" src=\"https:\/\/i0.wp.com\/www.holystoner.de\/wp-content\/uploads\/2022\/12\/7umt0bdi-768x1024.jpg?resize=768%2C1024&#038;ssl=1\" class=\"attachment-large size-large wp-image-1243\" alt=\"\" srcset=\"https:\/\/www.holystoner.de\/wp-content\/uploads\/2022\/12\/7umt0bdi.bmp 768w, https:\/\/www.holystoner.de\/wp-content\/uploads\/2022\/12\/7umt0bdi.bmp 225w, https:\/\/www.holystoner.de\/wp-content\/uploads\/2022\/12\/7umt0bdi.bmp 600w, https:\/\/www.holystoner.de\/wp-content\/uploads\/2022\/12\/7umt0bdi.bmp 960w\" sizes=\"(max-width: 768px) 100vw, 768px\" \/>\t\t\t\t\t\t\t\t\t\t\t\t\t\t\t<\/div>\n\t\t\t\t<\/div>\n\t\t\t\t<div class=\"elementor-element elementor-element-0b13998 elementor-widget elementor-widget-image\" data-id=\"0b13998\" data-element_type=\"widget\" data-e-type=\"widget\" data-widget_type=\"image.default\">\n\t\t\t\t<div class=\"elementor-widget-container\">\n\t\t\t\t\t\t\t\t\t\t\t\t\t\t\t<img data-recalc-dims=\"1\" decoding=\"async\" width=\"1024\" height=\"871\" src=\"https:\/\/i0.wp.com\/www.holystoner.de\/wp-content\/uploads\/2022\/12\/iyfp5jrv-1024x871.jpg?resize=1024%2C871&#038;ssl=1\" class=\"attachment-large size-large wp-image-1230\" alt=\"\" srcset=\"https:\/\/www.holystoner.de\/wp-content\/uploads\/2022\/12\/iyfp5jrv.bmp 1024w, https:\/\/www.holystoner.de\/wp-content\/uploads\/2022\/12\/iyfp5jrv.bmp 300w, https:\/\/www.holystoner.de\/wp-content\/uploads\/2022\/12\/iyfp5jrv.bmp 768w, https:\/\/www.holystoner.de\/wp-content\/uploads\/2022\/12\/iyfp5jrv.bmp 600w, https:\/\/www.holystoner.de\/wp-content\/uploads\/2022\/12\/iyfp5jrv.bmp 1080w\" sizes=\"(max-width: 1024px) 100vw, 1024px\" \/>\t\t\t\t\t\t\t\t\t\t\t\t\t\t\t<\/div>\n\t\t\t\t<\/div>\n\t\t\t\t<div class=\"elementor-element elementor-element-f0e8f64 elementor-widget elementor-widget-image\" data-id=\"f0e8f64\" data-element_type=\"widget\" data-e-type=\"widget\" data-widget_type=\"image.default\">\n\t\t\t\t<div class=\"elementor-widget-container\">\n\t\t\t\t\t\t\t\t\t\t\t\t\t\t\t<img loading=\"lazy\" decoding=\"async\" width=\"888\" height=\"933\" src=\"https:\/\/www.holystoner.de\/wp-content\/uploads\/2022\/12\/8njzaicf.bmp\" class=\"attachment-large size-large wp-image-1232\" alt=\"\" srcset=\"https:\/\/www.holystoner.de\/wp-content\/uploads\/2022\/12\/8njzaicf.bmp 888w, https:\/\/www.holystoner.de\/wp-content\/uploads\/2022\/12\/8njzaicf.bmp 286w, https:\/\/www.holystoner.de\/wp-content\/uploads\/2022\/12\/8njzaicf.bmp 768w, https:\/\/www.holystoner.de\/wp-content\/uploads\/2022\/12\/8njzaicf.bmp 600w\" sizes=\"(max-width: 888px) 100vw, 888px\" \/>\t\t\t\t\t\t\t\t\t\t\t\t\t\t\t<\/div>\n\t\t\t\t<\/div>\n\t\t\t\t<div class=\"elementor-element elementor-element-56fe5b8 elementor-widget elementor-widget-image\" data-id=\"56fe5b8\" data-element_type=\"widget\" data-e-type=\"widget\" data-widget_type=\"image.default\">\n\t\t\t\t<div class=\"elementor-widget-container\">\n\t\t\t\t\t\t\t\t\t\t\t\t\t\t\t<img data-recalc-dims=\"1\" loading=\"lazy\" decoding=\"async\" width=\"1024\" height=\"768\" src=\"https:\/\/i0.wp.com\/www.holystoner.de\/wp-content\/uploads\/2022\/12\/wlgpgaix-1024x768.jpg?resize=1024%2C768&#038;ssl=1\" class=\"attachment-large size-large wp-image-1239\" alt=\"\" srcset=\"https:\/\/www.holystoner.de\/wp-content\/uploads\/2022\/12\/wlgpgaix.bmp 1024w, https:\/\/www.holystoner.de\/wp-content\/uploads\/2022\/12\/wlgpgaix.bmp 300w, https:\/\/www.holystoner.de\/wp-content\/uploads\/2022\/12\/wlgpgaix.bmp 768w, https:\/\/www.holystoner.de\/wp-content\/uploads\/2022\/12\/wlgpgaix.bmp 600w, https:\/\/www.holystoner.de\/wp-content\/uploads\/2022\/12\/wlgpgaix.bmp 1280w\" sizes=\"(max-width: 1024px) 100vw, 1024px\" \/>\t\t\t\t\t\t\t\t\t\t\t\t\t\t\t<\/div>\n\t\t\t\t<\/div>\n\t\t\t\t<div class=\"elementor-element elementor-element-09440d8 elementor-widget elementor-widget-image\" data-id=\"09440d8\" data-element_type=\"widget\" data-e-type=\"widget\" data-widget_type=\"image.default\">\n\t\t\t\t<div class=\"elementor-widget-container\">\n\t\t\t\t\t\t\t\t\t\t\t\t\t\t\t<img data-recalc-dims=\"1\" loading=\"lazy\" decoding=\"async\" width=\"576\" height=\"1024\" src=\"https:\/\/i0.wp.com\/www.holystoner.de\/wp-content\/uploads\/2022\/12\/mr2wn3dx-576x1024.jpg?resize=576%2C1024&#038;ssl=1\" class=\"attachment-large size-large wp-image-1240\" alt=\"\" srcset=\"https:\/\/www.holystoner.de\/wp-content\/uploads\/2022\/12\/mr2wn3dx.bmp 576w, https:\/\/www.holystoner.de\/wp-content\/uploads\/2022\/12\/mr2wn3dx.bmp 169w, https:\/\/www.holystoner.de\/wp-content\/uploads\/2022\/12\/mr2wn3dx.bmp 600w, https:\/\/www.holystoner.de\/wp-content\/uploads\/2022\/12\/mr2wn3dx.bmp 720w\" sizes=\"(max-width: 576px) 100vw, 576px\" \/>\t\t\t\t\t\t\t\t\t\t\t\t\t\t\t<\/div>\n\t\t\t\t<\/div>\n\t\t\t\t<div class=\"elementor-element elementor-element-0c0068b elementor-widget elementor-widget-image\" data-id=\"0c0068b\" data-element_type=\"widget\" data-e-type=\"widget\" data-widget_type=\"image.default\">\n\t\t\t\t<div class=\"elementor-widget-container\">\n\t\t\t\t\t\t\t\t\t\t\t\t\t\t\t<img data-recalc-dims=\"1\" loading=\"lazy\" decoding=\"async\" width=\"768\" height=\"1024\" src=\"https:\/\/i0.wp.com\/www.holystoner.de\/wp-content\/uploads\/2022\/12\/4v4t9d8j-768x1024.jpg?resize=768%2C1024&#038;ssl=1\" class=\"attachment-large size-large wp-image-1242\" alt=\"\" srcset=\"https:\/\/www.holystoner.de\/wp-content\/uploads\/2022\/12\/4v4t9d8j.bmp 768w, https:\/\/www.holystoner.de\/wp-content\/uploads\/2022\/12\/4v4t9d8j.bmp 225w, https:\/\/www.holystoner.de\/wp-content\/uploads\/2022\/12\/4v4t9d8j.bmp 1152w, https:\/\/www.holystoner.de\/wp-content\/uploads\/2022\/12\/4v4t9d8j.bmp 600w, https:\/\/www.holystoner.de\/wp-content\/uploads\/2022\/12\/4v4t9d8j.bmp 1536w\" sizes=\"(max-width: 768px) 100vw, 768px\" \/>\t\t\t\t\t\t\t\t\t\t\t\t\t\t\t<\/div>\n\t\t\t\t<\/div>\n\t\t\t\t\t<\/div>\n\t\t<\/div>\n\t\t\t\t\t<\/div>\n\t\t<\/section>\n\t\t\t\t\t<\/div>\n\t\t<\/div>\n\t\t\t\t\t<\/div>\n\t\t<\/section>\n\t\t\t\t<\/div>\n\t\t","protected":false},"excerpt":{"rendered":"<p>Hallo zusammen, ihr wolltet schon immer das ultimative Bier brauen?! Was erwartet Euch? Es wird ein tagesf\u00fcllendes Programm rund um das Thema Bierbrauen geben. Es werden Hintergrund-Infos , Tipps&amp;Tricks aus dem Alltag und nat\u00fcrlich auch praktisches Wissen vermittelt. Sprich wir brauen ein Bier und ich erz\u00e4hle Euch dabei wie das Ganze funktioniert, auf was ihr &hellip;<\/p>\n","protected":false},"author":1,"featured_media":0,"parent":0,"menu_order":0,"comment_status":"closed","ping_status":"closed","template":"","meta":{"footnotes":""},"class_list":["post-498","page","type-page","status-publish","hentry"],"jetpack_shortlink":"https:\/\/wp.me\/PbQafq-82","jetpack_sharing_enabled":true,"_links":{"self":[{"href":"https:\/\/www.holystoner.de\/index.php?rest_route=\/wp\/v2\/pages\/498","targetHints":{"allow":["GET"]}}],"collection":[{"href":"https:\/\/www.holystoner.de\/index.php?rest_route=\/wp\/v2\/pages"}],"about":[{"href":"https:\/\/www.holystoner.de\/index.php?rest_route=\/wp\/v2\/types\/page"}],"author":[{"embeddable":true,"href":"https:\/\/www.holystoner.de\/index.php?rest_route=\/wp\/v2\/users\/1"}],"replies":[{"embeddable":true,"href":"https:\/\/www.holystoner.de\/index.php?rest_route=%2Fwp%2Fv2%2Fcomments&post=498"}],"version-history":[{"count":3,"href":"https:\/\/www.holystoner.de\/index.php?rest_route=\/wp\/v2\/pages\/498\/revisions"}],"predecessor-version":[{"id":1707,"href":"https:\/\/www.holystoner.de\/index.php?rest_route=\/wp\/v2\/pages\/498\/revisions\/1707"}],"wp:attachment":[{"href":"https:\/\/www.holystoner.de\/index.php?rest_route=%2Fwp%2Fv2%2Fmedia&parent=498"}],"curies":[{"name":"wp","href":"https:\/\/api.w.org\/{rel}","templated":true}]}}